{"id":64,"date":"2017-06-20T19:27:45","date_gmt":"2017-06-20T19:27:45","guid":{"rendered":"http:\/\/traduccionesdelsur.uy\/web\/?page_id=64"},"modified":"2023-08-19T16:22:26","modified_gmt":"2023-08-19T19:22:26","slug":"preguntas-frecuentes","status":"publish","type":"page","link":"http:\/\/traduccionesdelsur.uy\/web\/preguntas-frecuentes\/","title":{"rendered":"Preguntas frecuentes"},"content":{"rendered":"<p>[et_pb_section fb_built=\u00bb1&#8243; fullwidth=\u00bbon\u00bb admin_label=\u00bbSecci\u00f3n\u00bb _builder_version=\u00bb4.16&#8243; global_colors_info=\u00bb{}\u00bb][et_pb_fullwidth_image src=\u00bbhttp:\/\/traduccionesdelsur.uy\/web\/wp-content\/uploads\/2023\/08\/955451.jpg\u00bb admin_label=\u00bbImagen de anchura completa\u00bb _builder_version=\u00bb4.22.0&#8243; animation_style=\u00bbslide\u00bb animation_direction=\u00bbleft\u00bb animation_duration=\u00bb500ms\u00bb animation_intensity_slide=\u00bb10%\u00bb hover_enabled=\u00bb0&#8243; global_colors_info=\u00bb{}\u00bb title_text=\u00bb955451&#8243; sticky_enabled=\u00bb0&#8243;][\/et_pb_fullwidth_image][\/et_pb_section][et_pb_section fb_built=\u00bb1&#8243; admin_label=\u00bbsection\u00bb _builder_version=\u00bb4.16&#8243; global_colors_info=\u00bb{}\u00bb][et_pb_row admin_label=\u00bbrow\u00bb _builder_version=\u00bb4.16&#8243; background_size=\u00bbinitial\u00bb background_position=\u00bbtop_left\u00bb background_repeat=\u00bbrepeat\u00bb global_colors_info=\u00bb{}\u00bb][et_pb_column type=\u00bb4_4&#8243; _builder_version=\u00bb4.16&#8243; custom_padding=\u00bb|||\u00bb global_colors_info=\u00bb{}\u00bb custom_padding__hover=\u00bb|||\u00bb][et_pb_post_title meta=\u00bboff\u00bb featured_image=\u00bboff\u00bb admin_label=\u00bbT\u00edtulo de publicaci\u00f3n\u00bb _builder_version=\u00bb4.16&#8243; title_font_size=\u00bb36&#8243; global_colors_info=\u00bb{}\u00bb][\/et_pb_post_title][\/et_pb_column][\/et_pb_row][et_pb_row admin_label=\u00bbFila\u00bb _builder_version=\u00bb4.16&#8243; background_size=\u00bbinitial\u00bb background_position=\u00bbtop_left\u00bb background_repeat=\u00bbrepeat\u00bb global_colors_info=\u00bb{}\u00bb column_structure=\u00bb2_3,1_3&#8243;][et_pb_column type=\u00bb2_3&#8243; _builder_version=\u00bb4.16&#8243; custom_padding=\u00bb|||\u00bb global_colors_info=\u00bb{}\u00bb custom_padding__hover=\u00bb|||\u00bb][et_pb_text admin_label=\u00bbTexto\u00bb _builder_version=\u00bb4.16&#8243; header_text_color=\u00bbrgba(131,0,233,0.77)\u00bb background_size=\u00bbinitial\u00bb background_position=\u00bbtop_left\u00bb background_repeat=\u00bbrepeat\u00bb global_colors_info=\u00bb{}\u00bb]<\/p>\n<h2>\u00bfCu\u00e1l es la diferencia entre traducci\u00f3n e interpretaci\u00f3n?<\/h2>\n<p>La traducci\u00f3n consiste en comprender un texto redactado en el idioma original para luego expresarlo por escrito, con un significado equivalente, en el idioma meta.<br \/>\nLa interpretaci\u00f3n tambi\u00e9n implica la transferencia de un mensaje de una lengua a otra, pero en este caso la tarea se realiza oralmente, para as\u00ed facilitar la comunicaci\u00f3n a nivel del habla y proporcionar un mensaje cuyo significado es los m\u00e1s cercano posible al del mensaje original.<\/p>\n<p>[\/et_pb_text][\/et_pb_column][et_pb_column type=\u00bb1_3&#8243; _builder_version=\u00bb4.16&#8243; custom_padding=\u00bb|||\u00bb global_colors_info=\u00bb{}\u00bb custom_padding__hover=\u00bb|||\u00bb][et_pb_image src=\u00bbhttp:\/\/traduccionesdelsur.uy\/web\/wp-content\/uploads\/2017\/06\/translate.png\u00bb align_tablet=\u00bbcenter\u00bb align_last_edited=\u00bbon|desktop\u00bb admin_label=\u00bbImagen\u00bb _builder_version=\u00bb4.16&#8243; animation_style=\u00bbslide\u00bb animation_direction=\u00bbleft\u00bb animation_duration=\u00bb500ms\u00bb animation_intensity_slide=\u00bb10%\u00bb global_colors_info=\u00bb{}\u00bb align_phone=\u00bbcenter\u00bb][\/et_pb_image][\/et_pb_column][\/et_pb_row][et_pb_row admin_label=\u00bbFila\u00bb _builder_version=\u00bb4.16&#8243; background_size=\u00bbinitial\u00bb background_position=\u00bbtop_left\u00bb background_repeat=\u00bbrepeat\u00bb custom_padding=\u00bb23px|0px|23.9167px|0px\u00bb global_colors_info=\u00bb{}\u00bb column_structure=\u00bb1_3,2_3&#8243;][et_pb_column type=\u00bb1_3&#8243; _builder_version=\u00bb4.16&#8243; custom_padding=\u00bb|||\u00bb global_colors_info=\u00bb{}\u00bb custom_padding__hover=\u00bb|||\u00bb][et_pb_image src=\u00bbhttp:\/\/traduccionesdelsur.uy\/web\/wp-content\/uploads\/2017\/06\/edit.png\u00bb align_tablet=\u00bbcenter\u00bb align_last_edited=\u00bbon|desktop\u00bb admin_label=\u00bbImagen\u00bb _builder_version=\u00bb4.16&#8243; animation_style=\u00bbslide\u00bb animation_direction=\u00bbleft\u00bb animation_duration=\u00bb500ms\u00bb animation_intensity_slide=\u00bb10%\u00bb global_colors_info=\u00bb{}\u00bb align_phone=\u00bbcenter\u00bb][\/et_pb_image][\/et_pb_column][et_pb_column type=\u00bb2_3&#8243; _builder_version=\u00bb4.16&#8243; custom_padding=\u00bb|||\u00bb global_colors_info=\u00bb{}\u00bb custom_padding__hover=\u00bb|||\u00bb][et_pb_text admin_label=\u00bbTexto\u00bb _builder_version=\u00bb4.16&#8243; background_size=\u00bbinitial\u00bb background_position=\u00bbtop_left\u00bb background_repeat=\u00bbrepeat\u00bb global_colors_info=\u00bb{}\u00bb]<\/p>\n<h2>\u00bfCu\u00e1ntas palabras se pueden traducir por d\u00eda?<\/h2>\n<p>Por lo general, un traductor profesional traduce aproximadamente 2500 palabras por d\u00eda, seg\u00fan la complejidad del texto en cuesti\u00f3n. Se entiende que la tarea de traducci\u00f3n comprende la traducci\u00f3n en s\u00ed misma, la revisi\u00f3n y la correcci\u00f3n del texto final.<\/p>\n<p>[\/et_pb_text][\/et_pb_column][\/et_pb_row][et_pb_row admin_label=\u00bbFila\u00bb _builder_version=\u00bb4.16&#8243; background_size=\u00bbinitial\u00bb background_position=\u00bbtop_left\u00bb background_repeat=\u00bbrepeat\u00bb global_colors_info=\u00bb{}\u00bb column_structure=\u00bb2_3,1_3&#8243;][et_pb_column type=\u00bb2_3&#8243; _builder_version=\u00bb4.16&#8243; custom_padding=\u00bb|||\u00bb global_colors_info=\u00bb{}\u00bb custom_padding__hover=\u00bb|||\u00bb][et_pb_text admin_label=\u00bbTexto\u00bb _builder_version=\u00bb4.16&#8243; background_size=\u00bbinitial\u00bb background_position=\u00bbtop_left\u00bb background_repeat=\u00bbrepeat\u00bb global_colors_info=\u00bb{}\u00bb]<\/p>\n<h2>\u00bfC\u00f3mo se cobra el trabajo de traducci\u00f3n?<\/h2>\n<p>Las traducciones oficiales se cobran por foja de acuerdo con los aranceles establecidos por el Colegio de Traductores P\u00fablicos del Uruguay. Dichos aranceles se establecen de acuerdo con el tipo de documento a traducir. No dude en ponerse en contacto si desea obtener un presupuesto personalizado. Las traducciones no oficiales se cobran seg\u00fan la cantidad de palabras del texto original.<\/p>\n<p>La revisi\u00f3n y la correcci\u00f3n se pueden cobrar seg\u00fan la cantidad de palabras del texto original o por hora de trabajo.<\/p>\n<p>[\/et_pb_text][\/et_pb_column][et_pb_column type=\u00bb1_3&#8243; _builder_version=\u00bb4.16&#8243; custom_padding=\u00bb|||\u00bb global_colors_info=\u00bb{}\u00bb custom_padding__hover=\u00bb|||\u00bb][et_pb_image src=\u00bbhttp:\/\/traduccionesdelsur.uy\/web\/wp-content\/uploads\/2017\/06\/money.png\u00bb align_tablet=\u00bbcenter\u00bb align_last_edited=\u00bbon|desktop\u00bb admin_label=\u00bbImagen\u00bb _builder_version=\u00bb4.16&#8243; animation_style=\u00bbslide\u00bb animation_direction=\u00bbleft\u00bb animation_duration=\u00bb500ms\u00bb animation_intensity_slide=\u00bb10%\u00bb global_colors_info=\u00bb{}\u00bb align_phone=\u00bbcenter\u00bb][\/et_pb_image][\/et_pb_column][\/et_pb_row][et_pb_row admin_label=\u00bbFila\u00bb _builder_version=\u00bb4.16&#8243; background_size=\u00bbinitial\u00bb background_position=\u00bbtop_left\u00bb background_repeat=\u00bbrepeat\u00bb global_colors_info=\u00bb{}\u00bb column_structure=\u00bb1_3,2_3&#8243;][et_pb_column type=\u00bb1_3&#8243; _builder_version=\u00bb4.16&#8243; custom_padding=\u00bb|||\u00bb global_colors_info=\u00bb{}\u00bb custom_padding__hover=\u00bb|||\u00bb][et_pb_image src=\u00bbhttp:\/\/traduccionesdelsur.uy\/web\/wp-content\/uploads\/2017\/06\/bank.png\u00bb align_tablet=\u00bbcenter\u00bb align_last_edited=\u00bbon|desktop\u00bb admin_label=\u00bbImagen\u00bb _builder_version=\u00bb4.16&#8243; animation_style=\u00bbslide\u00bb animation_direction=\u00bbleft\u00bb animation_duration=\u00bb500ms\u00bb animation_intensity_slide=\u00bb10%\u00bb global_colors_info=\u00bb{}\u00bb align_phone=\u00bbcenter\u00bb][\/et_pb_image][\/et_pb_column][et_pb_column type=\u00bb2_3&#8243; _builder_version=\u00bb4.16&#8243; custom_padding=\u00bb|||\u00bb global_colors_info=\u00bb{}\u00bb custom_padding__hover=\u00bb|||\u00bb][et_pb_text admin_label=\u00bbTexto\u00bb _builder_version=\u00bb4.16&#8243; background_size=\u00bbinitial\u00bb background_position=\u00bbtop_left\u00bb background_repeat=\u00bbrepeat\u00bb global_colors_info=\u00bb{}\u00bb]<\/p>\n<h2>\u00bfC\u00f3mo puedo abonar los servicios prestados?<\/h2>\n<ul>\n<li>Cheque de un banco ubicado en Uruguay.<\/li>\n<li>Dep\u00f3sito o transferencia en BROU, Scotiabank o Santander.<\/li>\n<li>PayPal.<\/li>\n<\/ul>\n<p>[\/et_pb_text][\/et_pb_column][\/et_pb_row][et_pb_row admin_label=\u00bbFila\u00bb _builder_version=\u00bb4.16&#8243; background_size=\u00bbinitial\u00bb background_position=\u00bbtop_left\u00bb background_repeat=\u00bbrepeat\u00bb global_colors_info=\u00bb{}\u00bb column_structure=\u00bb2_3,1_3&#8243;][et_pb_column type=\u00bb2_3&#8243; _builder_version=\u00bb4.16&#8243; custom_padding=\u00bb|||\u00bb global_colors_info=\u00bb{}\u00bb custom_padding__hover=\u00bb|||\u00bb][et_pb_text admin_label=\u00bbTexto\u00bb _builder_version=\u00bb4.16&#8243; background_size=\u00bbinitial\u00bb background_position=\u00bbtop_left\u00bb background_repeat=\u00bbrepeat\u00bb global_colors_info=\u00bb{}\u00bb]<\/p>\n<h2>\u00bfC\u00f3mo s\u00e9 que la confidencialidad de mi documento est\u00e1 garantizada?<\/h2>\n<p>Al igual que en cualquier relaci\u00f3n profesional, la confianza es de suma importancia para un traductor. Uno de los aspectos m\u00e1s importantes del proceso de traducci\u00f3n consiste en garantizar la confidencialidad de sus documentos.<br \/>\nEs posible firmar un Acuerdo de Confidencialidad para as\u00ed garantizar la seguridad de sus documentos.<\/p>\n<p>[\/et_pb_text][\/et_pb_column][et_pb_column type=\u00bb1_3&#8243; _builder_version=\u00bb4.16&#8243; custom_padding=\u00bb|||\u00bb global_colors_info=\u00bb{}\u00bb custom_padding__hover=\u00bb|||\u00bb][et_pb_image src=\u00bbhttp:\/\/traduccionesdelsur.uy\/web\/wp-content\/uploads\/2017\/06\/secure.png\u00bb align_tablet=\u00bbcenter\u00bb align_last_edited=\u00bbon|desktop\u00bb admin_label=\u00bbImagen\u00bb _builder_version=\u00bb4.16&#8243; animation_style=\u00bbslide\u00bb animation_direction=\u00bbleft\u00bb animation_duration=\u00bb500ms\u00bb animation_intensity_slide=\u00bb10%\u00bb global_colors_info=\u00bb{}\u00bb align_phone=\u00bbcenter\u00bb][\/et_pb_image][\/et_pb_column][\/et_pb_row][et_pb_row admin_label=\u00bbFila\u00bb _builder_version=\u00bb4.16&#8243; background_size=\u00bbinitial\u00bb background_position=\u00bbtop_left\u00bb background_repeat=\u00bbrepeat\u00bb global_colors_info=\u00bb{}\u00bb column_structure=\u00bb1_3,2_3&#8243;][et_pb_column type=\u00bb1_3&#8243; _builder_version=\u00bb4.16&#8243; custom_padding=\u00bb|||\u00bb global_colors_info=\u00bb{}\u00bb custom_padding__hover=\u00bb|||\u00bb][et_pb_image src=\u00bbhttp:\/\/traduccionesdelsur.uy\/web\/wp-content\/uploads\/2017\/06\/document2.png\u00bb align_tablet=\u00bbcenter\u00bb align_last_edited=\u00bbon|desktop\u00bb admin_label=\u00bbImagen\u00bb _builder_version=\u00bb4.16&#8243; animation_style=\u00bbslide\u00bb animation_direction=\u00bbleft\u00bb animation_duration=\u00bb500ms\u00bb animation_intensity_slide=\u00bb10%\u00bb global_colors_info=\u00bb{}\u00bb align_phone=\u00bbcenter\u00bb][\/et_pb_image][\/et_pb_column][et_pb_column type=\u00bb2_3&#8243; _builder_version=\u00bb4.16&#8243; custom_padding=\u00bb|||\u00bb global_colors_info=\u00bb{}\u00bb custom_padding__hover=\u00bb|||\u00bb][et_pb_text admin_label=\u00bbTexto\u00bb _builder_version=\u00bb4.16&#8243; background_size=\u00bbinitial\u00bb background_position=\u00bbtop_left\u00bb background_repeat=\u00bbrepeat\u00bb global_colors_info=\u00bb{}\u00bb]<\/p>\n<h2>Cuando deseo encargar un trabajo de traducci\u00f3n<\/h2>\n<ul>\n<li>Al momento de cotizar el proyecto debe enviar una muestra representativa del texto a traducir, y en lo posible, en un formato editable (Word) para facilitar el conteo de palabras.<\/li>\n<li>Una vez aprobada la cotizaci\u00f3n, debe enviar el texto completo a traducir con los anexos, gr\u00e1ficos e im\u00e1genes pertinentes, as\u00ed como cualquier otro material de referencia necesario.<\/li>\n<li>Se debe mantener una comunicaci\u00f3n fluida con el traductor. Es importante para lograr una traducci\u00f3n de buena calidad poder consultar dudas terminol\u00f3gicas o de contenido. Si cuenta con glosarios espec\u00edficos para su industria o desea que se utilicemos t\u00e9rminos concretos, h\u00e1ganoslo saber.<\/li>\n<\/ul>\n<p>[\/et_pb_text][\/et_pb_column][\/et_pb_row][et_pb_row admin_label=\u00bbFila\u00bb _builder_version=\u00bb4.16&#8243; background_size=\u00bbinitial\u00bb background_position=\u00bbtop_left\u00bb background_repeat=\u00bbrepeat\u00bb global_colors_info=\u00bb{}\u00bb column_structure=\u00bb2_3,1_3&#8243;][et_pb_column type=\u00bb2_3&#8243; _builder_version=\u00bb4.16&#8243; custom_padding=\u00bb|||\u00bb global_colors_info=\u00bb{}\u00bb custom_padding__hover=\u00bb|||\u00bb][et_pb_text admin_label=\u00bbTexto\u00bb _builder_version=\u00bb4.16&#8243; background_size=\u00bbinitial\u00bb background_position=\u00bbtop_left\u00bb background_repeat=\u00bbrepeat\u00bb global_colors_info=\u00bb{}\u00bb]<\/p>\n<h2>Cuando deseo encargar un trabajo de interpretaci\u00f3n<\/h2>\n<ul>\n<li>En primera instancia se debe determinar qu\u00e9 modalidad de interpretaci\u00f3n es la adecuada y cu\u00e1ntos int\u00e9rpretes ser\u00e1n necesarios. Para esto debemos tener claro el tipo de evento, cantidad de asistentes y cantidad de oradores que participar\u00e1n.<\/li>\n<li>Antes del evento es indispensable brindar informaci\u00f3n acerca de la tem\u00e1tica y programa del mismo, as\u00ed como tambi\u00e9n las presentaciones, videos y textos que utilizar\u00e1n los oradores. El int\u00e9rprete debe realizar un exhaustivo trabajo de investigaci\u00f3n y estudio para familiarizarse con la terminolog\u00eda.<\/li>\n<li>Recuerde contactar con tiempo a las empresas de audio para asegurarse de contar con el sistema de audio necesario. En caso de interpretaci\u00f3n simult\u00e1nea, es indispensable tener en cuenta que la cabina deber\u00e1 estar ubicada de modo tal que sea f\u00e1cil para los int\u00e9rpretes ver al orador y la pantalla utilizada para proyectar las presentaciones o videos.<\/li>\n<\/ul>\n<p>[\/et_pb_text][\/et_pb_column][et_pb_column type=\u00bb1_3&#8243; _builder_version=\u00bb4.16&#8243; custom_padding=\u00bb|||\u00bb global_colors_info=\u00bb{}\u00bb custom_padding__hover=\u00bb|||\u00bb][et_pb_image src=\u00bbhttp:\/\/traduccionesdelsur.uy\/web\/wp-content\/uploads\/2017\/06\/interpreter.png\u00bb align_tablet=\u00bbcenter\u00bb align_last_edited=\u00bbon|desktop\u00bb admin_label=\u00bbImagen\u00bb _builder_version=\u00bb4.16&#8243; animation_style=\u00bbslide\u00bb animation_direction=\u00bbleft\u00bb animation_duration=\u00bb500ms\u00bb animation_intensity_slide=\u00bb10%\u00bb global_colors_info=\u00bb{}\u00bb align_phone=\u00bbcenter\u00bb][\/et_pb_image][\/et_pb_column][\/et_pb_row][et_pb_row admin_label=\u00bbFila\u00bb _builder_version=\u00bb4.16&#8243; background_size=\u00bbinitial\u00bb background_position=\u00bbtop_left\u00bb background_repeat=\u00bbrepeat\u00bb global_colors_info=\u00bb{}\u00bb column_structure=\u00bb1_3,2_3&#8243;][et_pb_column type=\u00bb1_3&#8243; _builder_version=\u00bb4.16&#8243; custom_padding=\u00bb|||\u00bb global_colors_info=\u00bb{}\u00bb custom_padding__hover=\u00bb|||\u00bb][et_pb_image src=\u00bbhttp:\/\/traduccionesdelsur.uy\/web\/wp-content\/uploads\/2017\/06\/people.png\u00bb align_tablet=\u00bbcenter\u00bb align_last_edited=\u00bbon|desktop\u00bb admin_label=\u00bbImagen\u00bb _builder_version=\u00bb4.16&#8243; animation_style=\u00bbslide\u00bb animation_direction=\u00bbleft\u00bb animation_duration=\u00bb500ms\u00bb animation_intensity_slide=\u00bb10%\u00bb global_colors_info=\u00bb{}\u00bb align_phone=\u00bbcenter\u00bb][\/et_pb_image][\/et_pb_column][et_pb_column type=\u00bb2_3&#8243; _builder_version=\u00bb4.16&#8243; custom_padding=\u00bb|||\u00bb global_colors_info=\u00bb{}\u00bb custom_padding__hover=\u00bb|||\u00bb][et_pb_text admin_label=\u00bbTexto\u00bb _builder_version=\u00bb4.16&#8243; background_size=\u00bbinitial\u00bb background_position=\u00bbtop_left\u00bb background_repeat=\u00bbrepeat\u00bb global_colors_info=\u00bb{}\u00bb]<\/p>\n<h2>\u00bfC\u00f3mo se legaliza un documento emitido en el extranjero?<\/h2>\n<p>&nbsp;<\/p>\n<p>Cuando es necesario traducir un documento emitido fuera de Uruguay, se debe legalizar la firma del funcionario consular para que dicho documento cobre validez en el pa\u00eds.<\/p>\n<p>Ser\u00e1 necesario dirigirse al Ministerio de Relaciones Exteriores, Departamento de Asuntos Consulares, ubicado en Cuareim 1384, Montevideo, de lunes a viernes entre las 10.00 y las 15.30. Para m\u00e1s informaci\u00f3n, v\u00e9ase este <a href=\"https:\/\/tramites.gub.uy\/wps\/portal\/peu\/tramites.gub.uy\/ampliados?id=1440r\" target=\"_blank\" rel=\"noopener\">ENLACE<\/a>.<\/p>\n<p>[\/et_pb_text][\/et_pb_column][\/et_pb_row][\/et_pb_section]<\/p>\n","protected":false},"excerpt":{"rendered":"<p>\u00bfCu\u00e1l es la diferencia entre traducci\u00f3n e interpretaci\u00f3n? La traducci\u00f3n consiste en comprender un texto redactado en el idioma original para luego expresarlo por escrito, con un significado equivalente, en el idioma meta. La interpretaci\u00f3n tambi\u00e9n implica la transferencia de un mensaje de una lengua a otra, pero en este caso la tarea se realiza [&hellip;]<\/p>\n","protected":false},"author":1,"featured_media":0,"parent":0,"menu_order":4,"comment_status":"closed","ping_status":"closed","template":"","meta":{"_et_pb_use_builder":"on","_et_pb_old_content":"","_et_gb_content_width":"","footnotes":""},"class_list":["post-64","page","type-page","status-publish","hentry"],"_links":{"self":[{"href":"http:\/\/traduccionesdelsur.uy\/web\/wp-json\/wp\/v2\/pages\/64","targetHints":{"allow":["GET"]}}],"collection":[{"href":"http:\/\/traduccionesdelsur.uy\/web\/wp-json\/wp\/v2\/pages"}],"about":[{"href":"http:\/\/traduccionesdelsur.uy\/web\/wp-json\/wp\/v2\/types\/page"}],"author":[{"embeddable":true,"href":"http:\/\/traduccionesdelsur.uy\/web\/wp-json\/wp\/v2\/users\/1"}],"replies":[{"embeddable":true,"href":"http:\/\/traduccionesdelsur.uy\/web\/wp-json\/wp\/v2\/comments?post=64"}],"version-history":[{"count":40,"href":"http:\/\/traduccionesdelsur.uy\/web\/wp-json\/wp\/v2\/pages\/64\/revisions"}],"predecessor-version":[{"id":871,"href":"http:\/\/traduccionesdelsur.uy\/web\/wp-json\/wp\/v2\/pages\/64\/revisions\/871"}],"wp:attachment":[{"href":"http:\/\/traduccionesdelsur.uy\/web\/wp-json\/wp\/v2\/media?parent=64"}],"curies":[{"name":"wp","href":"https:\/\/api.w.org\/{rel}","templated":true}]}}